{"id":5698,"date":"2026-03-05T15:07:10","date_gmt":"2026-03-05T15:07:10","guid":{"rendered":"https:\/\/elitebeautyschool.online\/?page_id=5698"},"modified":"2026-05-11T21:28:20","modified_gmt":"2026-05-11T21:28:20","slug":"gracias-esp","status":"publish","type":"page","link":"https:\/\/elitebeautyschool.online\/en\/gracias-esp\/","title":{"rendered":"Gracias esp"},"content":{"rendered":"<div data-elementor-type=\"wp-page\" data-elementor-id=\"5698\" class=\"elementor elementor-5698\" data-elementor-post-type=\"page\">\n\t\t\t\t<div class=\"elementor-element elementor-element-54c5a414 e-flex e-con-boxed e-con e-parent\" data-id=\"54c5a414\" data-element_type=\"container\" data-e-type=\"container\" data-settings=\"{&quot;background_background&quot;:&quot;classic&quot;}\">\n\t\t\t\t\t<div class=\"e-con-inner\">\n\t\t\t\t<div class=\"elementor-element elementor-element-3f3cd764 elementor-widget elementor-widget-image\" data-id=\"3f3cd764\" data-element_type=\"widget\" data-e-type=\"widget\" data-widget_type=\"image.default\">\n\t\t\t\t\t\t\t\t\t\t\t\t\t\t\t<img fetchpriority=\"high\" decoding=\"async\" width=\"1600\" height=\"957\" src=\"https:\/\/elitebeautyschool.online\/wp-content\/uploads\/2026\/03\/PLASMA-PEN-e1772581419540-1.png\" class=\"attachment-full size-full wp-image-5932\" alt=\"\" srcset=\"https:\/\/elitebeautyschool.online\/wp-content\/uploads\/2026\/03\/PLASMA-PEN-e1772581419540-1.png 1600w, https:\/\/elitebeautyschool.online\/wp-content\/uploads\/2026\/03\/PLASMA-PEN-e1772581419540-1-300x179.png 300w, https:\/\/elitebeautyschool.online\/wp-content\/uploads\/2026\/03\/PLASMA-PEN-e1772581419540-1-1024x612.png 1024w, https:\/\/elitebeautyschool.online\/wp-content\/uploads\/2026\/03\/PLASMA-PEN-e1772581419540-1-768x459.png 768w, https:\/\/elitebeautyschool.online\/wp-content\/uploads\/2026\/03\/PLASMA-PEN-e1772581419540-1-1536x919.png 1536w, https:\/\/elitebeautyschool.online\/wp-content\/uploads\/2026\/03\/PLASMA-PEN-e1772581419540-1-18x12.png 18w\" sizes=\"(max-width: 1600px) 100vw, 1600px\" \/>\t\t\t\t\t\t\t\t\t\t\t\t\t\t\t<\/div>\n\t\t\t\t<div class=\"elementor-element elementor-element-69b9344e elementor-widget elementor-widget-spacer\" data-id=\"69b9344e\" data-element_type=\"widget\" data-e-type=\"widget\" data-widget_type=\"spacer.default\">\n\t\t\t\t\t\t\t<div class=\"elementor-spacer\">\n\t\t\t<div class=\"elementor-spacer-inner\"><\/div>\n\t\t<\/div>\n\t\t\t\t\t\t<\/div>\n\t\t\t\t<div class=\"elementor-element elementor-element-0e75954 elementor-widget elementor-widget-html\" data-id=\"0e75954\" data-element_type=\"widget\" data-e-type=\"widget\" data-widget_type=\"html.default\">\n\t\t\t\t\t<script>\nfbq('track', 'Purchase', {\n  value: 21,\n  currency: 'USD'\n});\n<\/script>\t\t\t\t<\/div>\n\t\t\t\t<div class=\"elementor-element elementor-element-11b60e0c elementor-widget elementor-widget-heading\" data-id=\"11b60e0c\" data-element_type=\"widget\" data-e-type=\"widget\" data-widget_type=\"heading.default\">\n\t\t\t\t\t<h2 class=\"elementor-heading-title elementor-size-default\">\u00a1Felicidades por tu registro! \ud83c\udf89<\/h2>\t\t\t\t<\/div>\n\t\t\t\t<div class=\"elementor-element elementor-element-18d7d94 elementor-widget elementor-widget-text-editor\" data-id=\"18d7d94\" data-element_type=\"widget\" data-e-type=\"widget\" data-widget_type=\"text-editor.default\">\n\t\t\t\t\t\t\t\t\t<p><strong data-start=\"113\" data-end=\"204\" data-is-last-node=\"\">Busca en tu correo electr\u00f3nico un mensaje de <span style=\"text-decoration: underline;\">Astron Member<\/span> para acceder a tu contenido.<\/strong><\/p>\t\t\t\t\t\t\t\t<\/div>\n\t\t\t\t<div class=\"elementor-element elementor-element-00ccde8 elementor-widget elementor-widget-text-editor\" data-id=\"00ccde8\" data-element_type=\"widget\" data-e-type=\"widget\" data-widget_type=\"text-editor.default\">\n\t\t\t\t\t\t\t\t\t<div style=\"max-width: 520px; margin: 20px auto; padding: 22px; background: #fff8f8; font-family: Arial,sans-serif; text-align: center; border-radius: 16px; border: 2px solid #ffd6e0; box-shadow: 0 4px 15px rgba(0,0,0,0.06);\"><h2 style=\"color: #e14c86; font-size: 26px; margin-bottom: 10px;\">\ud83d\udd25 OFERTA EXCLUSIVA EN ESTA P\u00c1GINA<\/h2><p style=\"font-size: 20px; font-weight: bold; color: #222; margin-bottom: 10px; line-height: 1.4;\">Elige 2 cursos profesionales por solo<\/p><p style=\"font-size: 42px; font-weight: bold; color: #00b050; margin: 10px 0;\">$20,60<\/p><p style=\"font-size: 16px; color: #555; line-height: 1.5; margin-bottom: 16px;\">Ampl\u00eda tus servicios y aprende nuevas t\u00e9cnicas de alta demanda<\/p><p style=\"font-size: 18px; font-weight: bold; color: #111; margin-bottom: 14px;\">\u2728 Elige cualquier 2:<\/p><div style=\"font-size: 15px; line-height: 2; text-align: left; display: inline-block; margin-bottom: 18px; color: #333;\"><p>\u2714 BB Blush con Dermapen<br \/>\u2714 Botox sin agujas<br \/>\u2714 Peeling Coreano de Algas<br \/>\u2714 Peeling Coreano LHALA Glass Skin<br \/>\u2714 Rejuvenecimiento de Cuello<br \/>\u2714 Drenaje Linf\u00e1tico<br \/>\u2714 Masaje Modeladora<br \/>\u2714 Remoci\u00f3n de Estr\u00edas<br \/>\u2714 Masaje Facial Coreano + Kobido<br \/>\u2714 BB Lips<br \/>\u2714 Limpieza Facial Profunda<\/p><\/div><p style=\"font-size: 17px; font-weight: bold; color: #111; margin-bottom: 12px;\">\u2714 Todo incluido:<\/p><div style=\"font-size: 15px; line-height: 1.9; margin-bottom: 18px; color: #444;\"><p>100% en video<br \/>Certificaci\u00f3n internacional<br \/>Acceso de por vida<br \/>Direct support with the teacher<\/p><\/div><p style=\"font-size: 17px; font-weight: bold; color: #111; line-height: 1.5; margin-bottom: 12px;\">\ud83d\udcb0 Recupera esta inversi\u00f3n con solo 1 clienta<\/p><p style=\"color: #c0392b; font-weight: bold; font-size: 14px; line-height: 1.5;\">\u26a0\ufe0f Esta oferta desaparece al salir de esta p\u00e1gina<\/p><\/div>\t\t\t\t\t\t\t\t<\/div>\n\t\t\t\t<div class=\"elementor-element elementor-element-1c1a63b elementor-arrows-position-inside elementor-pagination-position-outside elementor-widget elementor-widget-image-carousel\" data-id=\"1c1a63b\" data-element_type=\"widget\" data-e-type=\"widget\" data-settings=\"{&quot;slides_to_show_mobile&quot;:&quot;2&quot;,&quot;autoplay_speed&quot;:400,&quot;navigation&quot;:&quot;both&quot;,&quot;autoplay&quot;:&quot;yes&quot;,&quot;pause_on_hover&quot;:&quot;yes&quot;,&quot;infinite&quot;:&quot;yes&quot;,&quot;speed&quot;:500}\" data-widget_type=\"image-carousel.default\">\n\t\t\t\t\t\t\t<div class=\"elementor-image-carousel-wrapper swiper\" role=\"region\" aria-roledescription=\"carousel\" aria-label=\"Carrossel of pictures\" dir=\"ltr\">\n\t\t\t<div class=\"elementor-image-carousel swiper-wrapper\" aria-live=\"off\">\n\t\t\t\t\t\t\t\t<div class=\"swiper-slide\" role=\"group\" aria-roledescription=\"slide\" aria-label=\"1 de 5\"><figure class=\"swiper-slide-inner\"><img decoding=\"async\" class=\"swiper-slide-image\" src=\"https:\/\/elitebeautyschool.online\/wp-content\/uploads\/2026\/04\/WhatsApp-Image-2026-04-11-at-19.05.46-239x300-1.jpeg\" alt=\"WhatsApp-Image-2026-04-11-at-19.05.46-239x300-1.jpeg\" \/><\/figure><\/div><div class=\"swiper-slide\" role=\"group\" aria-roledescription=\"slide\" aria-label=\"2 de 5\"><figure class=\"swiper-slide-inner\"><img decoding=\"async\" class=\"swiper-slide-image\" src=\"https:\/\/elitebeautyschool.online\/wp-content\/uploads\/2026\/04\/WhatsApp-Image-2026-02-20-at-00.51.20.jpeg\" alt=\"WhatsApp-Image-2026-02-20-at-00.51.20.jpeg\" \/><\/figure><\/div><div class=\"swiper-slide\" role=\"group\" aria-roledescription=\"slide\" aria-label=\"3 de 5\"><figure class=\"swiper-slide-inner\"><img decoding=\"async\" class=\"swiper-slide-image\" src=\"https:\/\/elitebeautyschool.online\/wp-content\/uploads\/2026\/04\/WhatsApp-Image-2026-02-18-at-17.38.30.jpeg\" alt=\"WhatsApp-Image-2026-02-18-at-17.38.30.jpeg\" \/><\/figure><\/div><div class=\"swiper-slide\" role=\"group\" aria-roledescription=\"slide\" aria-label=\"4 de 5\"><figure class=\"swiper-slide-inner\"><img decoding=\"async\" class=\"swiper-slide-image\" src=\"https:\/\/elitebeautyschool.online\/wp-content\/uploads\/2026\/04\/WhatsApp-Image-2026-02-17-at-16.12.33.jpeg\" alt=\"WhatsApp-Image-2026-02-17-at-16.12.33.jpeg\" \/><\/figure><\/div><div class=\"swiper-slide\" role=\"group\" aria-roledescription=\"slide\" aria-label=\"5 de 5\"><figure class=\"swiper-slide-inner\"><img decoding=\"async\" class=\"swiper-slide-image\" src=\"https:\/\/elitebeautyschool.online\/wp-content\/uploads\/2026\/04\/WhatsApp-Image-2026-03-12-at-16.39.28.jpeg\" alt=\"WhatsApp-Image-2026-03-12-at-16.39.28.jpeg\" \/><\/figure><\/div>\t\t\t<\/div>\n\t\t\t\t\t\t\t\t\t\t\t\t<div class=\"elementor-swiper-button elementor-swiper-button-prev\" role=\"button\" tabindex=\"0\">\n\t\t\t\t\t\t<svg aria-hidden=\"true\" class=\"e-font-icon-svg e-eicon-chevron-left\" viewbox=\"0 0 1000 1000\" xmlns=\"http:\/\/www.w3.org\/2000\/svg\"><path d=\"M646 125C629 125 613 133 604 142L308 442C296 454 292 471 292 487 292 504 296 521 308 533L604 854C617 867 629 875 646 875 663 875 679 871 692 858 704 846 713 829 713 812 713 796 708 779 692 767L438 487 692 225C700 217 708 204 708 187 708 171 704 154 692 142 675 129 663 125 646 125Z\"><\/path><\/svg>\t\t\t\t\t<\/div>\n\t\t\t\t\t<div class=\"elementor-swiper-button elementor-swiper-button-next\" role=\"button\" tabindex=\"0\">\n\t\t\t\t\t\t<svg aria-hidden=\"true\" class=\"e-font-icon-svg e-eicon-chevron-right\" viewbox=\"0 0 1000 1000\" xmlns=\"http:\/\/www.w3.org\/2000\/svg\"><path d=\"M696 533C708 521 713 504 713 487 713 471 708 454 696 446L400 146C388 133 375 125 354 125 338 125 325 129 313 142 300 154 292 171 292 187 292 204 296 221 308 233L563 492 304 771C292 783 288 800 288 817 288 833 296 850 308 863 321 871 338 875 354 875 371 875 388 867 400 854L696 533Z\"><\/path><\/svg>\t\t\t\t\t<\/div>\n\t\t\t\t\n\t\t\t\t\t\t\t\t\t<div class=\"swiper-pagination\"><\/div>\n\t\t\t\t\t\t\t\t\t<\/div>\n\t\t\t\t\t\t<\/div>\n\t\t\t\t<div class=\"elementor-element elementor-element-21eb0954 elementor-align-center elementor-invisible elementor-widget elementor-widget-button\" data-id=\"21eb0954\" data-element_type=\"widget\" data-e-type=\"widget\" data-settings=\"{&quot;_animation&quot;:&quot;bounceIn&quot;,&quot;_animation_mobile&quot;:&quot;pulse&quot;}\" data-widget_type=\"button.default\">\n\t\t\t\t\t\t\t\t\t\t<a class=\"elementor-button elementor-button-link elementor-size-sm elementor-animation-pulse\" href=\"https:\/\/buy.stripe.com\/4gM14nfNr8r7f0j9sxcs810\">\n\t\t\t\t\t\t<span class=\"elementor-button-content-wrapper\">\n\t\t\t\t\t\t\t\t\t<span class=\"elementor-button-text\">Seleccionar 2 cursos por $20,90<\/span>\n\t\t\t\t\t<\/span>\n\t\t\t\t\t<\/a>\n\t\t\t\t\t\t\t\t<\/div>\n\t\t\t\t<div class=\"elementor-element elementor-element-cde3178 elementor-widget elementor-widget-text-editor\" data-id=\"cde3178\" data-element_type=\"widget\" data-e-type=\"widget\" data-widget_type=\"text-editor.default\">\n\t\t\t\t\t\t\t\t\t<div style=\"max-width: 520px; margin: 20px auto; padding: 18px; background: #f4faff; font-family: Arial,sans-serif; text-align: center; border-radius: 14px; border: 2px solid #cce5ff;\"><h2 style=\"color: #2e86c1; font-size: 24px; margin-bottom: 8px;\">\ud83d\udc8e MEJOR OFERTA<\/h2><p style=\"font-size: 18px; font-weight: bold; margin-bottom: 10px;\">Agrega 3 cursos por solo<\/p><p style=\"font-size: 36px; font-weight: bold; color: #00b050; margin: 8px 0;\">$25,90<\/p><p style=\"font-size: 16px; margin-bottom: 12px;\">Elige los cursos que deseas y ofrece m\u00e1s servicios a tus clientas<\/p><p style=\"font-size: 17px; font-weight: bold; margin: 10px 0;\">Incluye acceso a nuestros cursos:<\/p><div style=\"font-size: 15px; line-height: 1.7; text-align: left; display: inline-block; margin-bottom: 12px;\">\u2714 BB Blush con Dermapen<br \/>\u2714 Botox sin agujas<br \/>\u2714 Peeling Coreano de Algas<br \/>\u2714 Peeling Coreano LHALA Glass Skin<br \/>\u2714 Rejuvenecimiento de Cuello<br \/>\u2714 Drenaje Linf\u00e1tico<br \/>\u2714 Masaje Modeladora<br \/>\u2714 Remoci\u00f3n de Estr\u00edas<br \/>\u2714 Masaje Facial Coreano + Kobido<br \/>\u2714 BB Lips<br \/>\u2714 Limpieza Facial Profunda<\/div><p style=\"font-size: 17px; font-weight: bold; margin: 10px 0;\">Beneficios del curso:<\/p><div style=\"font-size: 16px; line-height: 1.8; margin-bottom: 12px;\">\u2714 100% en video<br \/>\u2714 Certificaci\u00f3n internacional<br \/>\u2714 Acceso de por vida<br \/>\u2714 Soporte directo con la profesora<\/div><p style=\"font-size: 16px; margin-bottom: 10px;\">M\u00e1s servicios = m\u00e1s clientas = m\u00e1s ingresos \ud83d\udcb0<\/p><p style=\"color: #c0392b; font-weight: bold; font-size: 15px;\">\u26a0\ufe0f Solo disponible en esta p\u00e1gina<\/p><\/div>\t\t\t\t\t\t\t\t<\/div>\n\t\t\t\t<div class=\"elementor-element elementor-element-852d466 elementor-arrows-position-inside elementor-pagination-position-outside elementor-widget elementor-widget-image-carousel\" data-id=\"852d466\" data-element_type=\"widget\" data-e-type=\"widget\" data-settings=\"{&quot;slides_to_show_mobile&quot;:&quot;2&quot;,&quot;autoplay_speed&quot;:400,&quot;navigation&quot;:&quot;both&quot;,&quot;autoplay&quot;:&quot;yes&quot;,&quot;pause_on_hover&quot;:&quot;yes&quot;,&quot;infinite&quot;:&quot;yes&quot;,&quot;speed&quot;:500}\" data-widget_type=\"image-carousel.default\">\n\t\t\t\t\t\t\t<div class=\"elementor-image-carousel-wrapper swiper\" role=\"region\" aria-roledescription=\"carousel\" aria-label=\"Carrossel of pictures\" dir=\"ltr\">\n\t\t\t<div class=\"elementor-image-carousel swiper-wrapper\" aria-live=\"off\">\n\t\t\t\t\t\t\t\t<div class=\"swiper-slide\" role=\"group\" aria-roledescription=\"slide\" aria-label=\"1 de 5\"><figure class=\"swiper-slide-inner\"><img decoding=\"async\" class=\"swiper-slide-image\" src=\"https:\/\/elitebeautyschool.online\/wp-content\/uploads\/2026\/04\/WhatsApp-Image-2026-04-11-at-19.05.46-239x300-1.jpeg\" alt=\"WhatsApp-Image-2026-04-11-at-19.05.46-239x300-1.jpeg\" \/><\/figure><\/div><div class=\"swiper-slide\" role=\"group\" aria-roledescription=\"slide\" aria-label=\"2 de 5\"><figure class=\"swiper-slide-inner\"><img decoding=\"async\" class=\"swiper-slide-image\" src=\"https:\/\/elitebeautyschool.online\/wp-content\/uploads\/2026\/04\/WhatsApp-Image-2026-02-20-at-00.51.20.jpeg\" alt=\"WhatsApp-Image-2026-02-20-at-00.51.20.jpeg\" \/><\/figure><\/div><div class=\"swiper-slide\" role=\"group\" aria-roledescription=\"slide\" aria-label=\"3 de 5\"><figure class=\"swiper-slide-inner\"><img decoding=\"async\" class=\"swiper-slide-image\" src=\"https:\/\/elitebeautyschool.online\/wp-content\/uploads\/2026\/04\/WhatsApp-Image-2026-02-18-at-17.38.30.jpeg\" alt=\"WhatsApp-Image-2026-02-18-at-17.38.30.jpeg\" \/><\/figure><\/div><div class=\"swiper-slide\" role=\"group\" aria-roledescription=\"slide\" aria-label=\"4 de 5\"><figure class=\"swiper-slide-inner\"><img decoding=\"async\" class=\"swiper-slide-image\" src=\"https:\/\/elitebeautyschool.online\/wp-content\/uploads\/2026\/04\/WhatsApp-Image-2026-02-17-at-16.12.33.jpeg\" alt=\"WhatsApp-Image-2026-02-17-at-16.12.33.jpeg\" \/><\/figure><\/div><div class=\"swiper-slide\" role=\"group\" aria-roledescription=\"slide\" aria-label=\"5 de 5\"><figure class=\"swiper-slide-inner\"><img decoding=\"async\" class=\"swiper-slide-image\" src=\"https:\/\/elitebeautyschool.online\/wp-content\/uploads\/2026\/04\/WhatsApp-Image-2026-03-12-at-16.39.28.jpeg\" alt=\"WhatsApp-Image-2026-03-12-at-16.39.28.jpeg\" \/><\/figure><\/div>\t\t\t<\/div>\n\t\t\t\t\t\t\t\t\t\t\t\t<div class=\"elementor-swiper-button elementor-swiper-button-prev\" role=\"button\" tabindex=\"0\">\n\t\t\t\t\t\t<svg aria-hidden=\"true\" class=\"e-font-icon-svg e-eicon-chevron-left\" viewbox=\"0 0 1000 1000\" xmlns=\"http:\/\/www.w3.org\/2000\/svg\"><path d=\"M646 125C629 125 613 133 604 142L308 442C296 454 292 471 292 487 292 504 296 521 308 533L604 854C617 867 629 875 646 875 663 875 679 871 692 858 704 846 713 829 713 812 713 796 708 779 692 767L438 487 692 225C700 217 708 204 708 187 708 171 704 154 692 142 675 129 663 125 646 125Z\"><\/path><\/svg>\t\t\t\t\t<\/div>\n\t\t\t\t\t<div class=\"elementor-swiper-button elementor-swiper-button-next\" role=\"button\" tabindex=\"0\">\n\t\t\t\t\t\t<svg aria-hidden=\"true\" class=\"e-font-icon-svg e-eicon-chevron-right\" viewbox=\"0 0 1000 1000\" xmlns=\"http:\/\/www.w3.org\/2000\/svg\"><path d=\"M696 533C708 521 713 504 713 487 713 471 708 454 696 446L400 146C388 133 375 125 354 125 338 125 325 129 313 142 300 154 292 171 292 187 292 204 296 221 308 233L563 492 304 771C292 783 288 800 288 817 288 833 296 850 308 863 321 871 338 875 354 875 371 875 388 867 400 854L696 533Z\"><\/path><\/svg>\t\t\t\t\t<\/div>\n\t\t\t\t\n\t\t\t\t\t\t\t\t\t<div class=\"swiper-pagination\"><\/div>\n\t\t\t\t\t\t\t\t\t<\/div>\n\t\t\t\t\t\t<\/div>\n\t\t\t\t<div class=\"elementor-element elementor-element-42b6647b elementor-align-center elementor-invisible elementor-widget elementor-widget-button\" data-id=\"42b6647b\" data-element_type=\"widget\" data-e-type=\"widget\" data-settings=\"{&quot;_animation&quot;:&quot;bounceIn&quot;,&quot;_animation_mobile&quot;:&quot;pulse&quot;}\" data-widget_type=\"button.default\">\n\t\t\t\t\t\t\t\t\t\t<a class=\"elementor-button elementor-button-link elementor-size-sm elementor-animation-pulse\" href=\"https:\/\/buy.stripe.com\/6oU3cvgRvgXD2dx48dcs811\">\n\t\t\t\t\t\t<span class=\"elementor-button-content-wrapper\">\n\t\t\t\t\t\t\t\t\t<span class=\"elementor-button-text\">Seleccionar 3 cursos por $25,90<\/span>\n\t\t\t\t\t<\/span>\n\t\t\t\t\t<\/a>\n\t\t\t\t\t\t\t\t<\/div>\n\t\t\t\t<div class=\"elementor-element elementor-element-ee6fc94 elementor-widget elementor-widget-text-editor\" data-id=\"ee6fc94\" data-element_type=\"widget\" data-e-type=\"widget\" data-widget_type=\"text-editor.default\">\n\t\t\t\t\t\t\t\t\t<div style=\"max-width: 520px; margin: 20px auto; padding: 18px; background: #fff3f3; font-family: Arial,sans-serif; text-align: center; border-radius: 14px;\"><p style=\"font-size: 18px; font-weight: bold; margin-bottom: 10px;\">\u26a0\ufe0f ATENCI\u00d3N: ESTA OFERTA SOLO EST\u00c1 DISPONIBLE EN ESTA P\u00c1GINA<\/p><p style=\"font-size: 16px; line-height: 1.6; margin-bottom: 10px;\">Si cierras o sales de esta p\u00e1gina, perder\u00e1s esta oportunidad y el precio volver\u00e1 al normal.<\/p><p style=\"font-size: 17px; font-weight: bold; color: #c0392b;\">\ud83d\udc49 Aprovecha ahora antes de que desaparezca<\/p><\/div>\t\t\t\t\t\t\t\t<\/div>\n\t\t\t\t<div class=\"elementor-element elementor-element-48e654fc elementor-widget elementor-widget-text-editor\" data-id=\"48e654fc\" data-element_type=\"widget\" data-e-type=\"widget\" data-widget_type=\"text-editor.default\">\n\t\t\t\t\t\t\t\t\t<h2><span style=\"text-decoration: underline;\"><strong>International Beauty Academy<\/strong><\/span><\/h2>\t\t\t\t\t\t\t\t<\/div>\n\t\t\t\t\t<\/div>\n\t\t\t\t<\/div>\n\t\t\t\t<\/div>","protected":false},"excerpt":{"rendered":"<p>\u00a1Felicidades por tu registro! \ud83c\udf89 Busca en tu correo electr\u00f3nico un mensaje de Astron Member para acceder a tu contenido. \ud83d\udd25 OFERTA EXCLUSIVA EN ESTA P\u00c1GINA Elige 2 cursos profesionales por solo $20,60 Ampl\u00eda tus servicios y aprende nuevas t\u00e9cnicas de alta demanda \u2728 Elige cualquier 2: \u2714 BB Blush con Dermapen\u2714 Botox sin agujas\u2714 [&hellip;]<\/p>\n","protected":false},"author":1,"featured_media":0,"parent":0,"menu_order":0,"comment_status":"closed","ping_status":"closed","template":"elementor_canvas","meta":{"footnotes":""},"class_list":["post-5698","page","type-page","status-publish","hentry"],"_links":{"self":[{"href":"https:\/\/elitebeautyschool.online\/en\/wp-json\/wp\/v2\/pages\/5698","targetHints":{"allow":["GET"]}}],"collection":[{"href":"https:\/\/elitebeautyschool.online\/en\/wp-json\/wp\/v2\/pages"}],"about":[{"href":"https:\/\/elitebeautyschool.online\/en\/wp-json\/wp\/v2\/types\/page"}],"author":[{"embeddable":true,"href":"https:\/\/elitebeautyschool.online\/en\/wp-json\/wp\/v2\/users\/1"}],"replies":[{"embeddable":true,"href":"https:\/\/elitebeautyschool.online\/en\/wp-json\/wp\/v2\/comments?post=5698"}],"version-history":[{"count":70,"href":"https:\/\/elitebeautyschool.online\/en\/wp-json\/wp\/v2\/pages\/5698\/revisions"}],"predecessor-version":[{"id":6455,"href":"https:\/\/elitebeautyschool.online\/en\/wp-json\/wp\/v2\/pages\/5698\/revisions\/6455"}],"wp:attachment":[{"href":"https:\/\/elitebeautyschool.online\/en\/wp-json\/wp\/v2\/media?parent=5698"}],"curies":[{"name":"wp","href":"https:\/\/api.w.org\/{rel}","templated":true}]}}