{"id":3840,"date":"2026-02-18T18:57:57","date_gmt":"2026-02-18T18:57:57","guid":{"rendered":"https:\/\/elitebeautyschool.online\/?page_id=3840"},"modified":"2026-04-29T00:07:36","modified_gmt":"2026-04-29T00:07:36","slug":"shop","status":"publish","type":"page","link":"https:\/\/elitebeautyschool.online\/en\/shop\/","title":{"rendered":"SHOP"},"content":{"rendered":"<div data-elementor-type=\"wp-page\" data-elementor-id=\"3840\" class=\"elementor elementor-3840\" data-elementor-post-type=\"page\">\n\t\t\t\t<div class=\"elementor-element elementor-element-60a5a095 e-flex e-con-boxed e-con e-parent\" data-id=\"60a5a095\" data-element_type=\"container\" data-e-type=\"container\" data-settings=\"{&quot;background_background&quot;:&quot;classic&quot;}\">\n\t\t\t\t\t<div class=\"e-con-inner\">\n\t\t\t\t<div class=\"elementor-element elementor-element-fff1fa7 elementor-widget elementor-widget-image\" data-id=\"fff1fa7\" data-element_type=\"widget\" data-e-type=\"widget\" data-widget_type=\"image.default\">\n\t\t\t\t\t\t\t\t\t\t\t\t\t\t\t<img fetchpriority=\"high\" decoding=\"async\" width=\"1024\" height=\"1024\" src=\"https:\/\/elitebeautyschool.online\/wp-content\/uploads\/2026\/02\/WhatsApp-Image-2026-02-18-at-15.37.34.jpeg\" class=\"attachment-large size-large wp-image-3845\" alt=\"\" srcset=\"https:\/\/elitebeautyschool.online\/wp-content\/uploads\/2026\/02\/WhatsApp-Image-2026-02-18-at-15.37.34.jpeg 1024w, https:\/\/elitebeautyschool.online\/wp-content\/uploads\/2026\/02\/WhatsApp-Image-2026-02-18-at-15.37.34-300x300.jpeg 300w, https:\/\/elitebeautyschool.online\/wp-content\/uploads\/2026\/02\/WhatsApp-Image-2026-02-18-at-15.37.34-150x150.jpeg 150w, https:\/\/elitebeautyschool.online\/wp-content\/uploads\/2026\/02\/WhatsApp-Image-2026-02-18-at-15.37.34-768x768.jpeg 768w\" sizes=\"(max-width: 1024px) 100vw, 1024px\" \/>\t\t\t\t\t\t\t\t\t\t\t\t\t\t\t<\/div>\n\t\t\t\t<div class=\"elementor-element elementor-element-5303372 elementor-widget elementor-widget-image\" data-id=\"5303372\" data-element_type=\"widget\" data-e-type=\"widget\" data-settings=\"{&quot;_animation_mobile&quot;:&quot;pulse&quot;}\" data-widget_type=\"image.default\">\n\t\t\t\t\t\t\t\t\t\t\t\t\t\t\t\t<a href=\"https:\/\/elitebeautyschool.online\/en\/espanol\/\">\n\t\t\t\t\t\t\t<img decoding=\"async\" width=\"1024\" height=\"149\" src=\"https:\/\/elitebeautyschool.online\/wp-content\/uploads\/2026\/04\/Cartao-digital-para-link-na-bio-do-instagram-social-media-minimalista-160-x-160-px-1080-x-400-px-e1777419504894-1024x149.png\" class=\"elementor-animation-pulse attachment-large size-large wp-image-6325\" alt=\"\" srcset=\"https:\/\/elitebeautyschool.online\/wp-content\/uploads\/2026\/04\/Cartao-digital-para-link-na-bio-do-instagram-social-media-minimalista-160-x-160-px-1080-x-400-px-e1777419504894-1024x149.png 1024w, https:\/\/elitebeautyschool.online\/wp-content\/uploads\/2026\/04\/Cartao-digital-para-link-na-bio-do-instagram-social-media-minimalista-160-x-160-px-1080-x-400-px-e1777419504894-300x44.png 300w, https:\/\/elitebeautyschool.online\/wp-content\/uploads\/2026\/04\/Cartao-digital-para-link-na-bio-do-instagram-social-media-minimalista-160-x-160-px-1080-x-400-px-e1777419504894-768x112.png 768w, https:\/\/elitebeautyschool.online\/wp-content\/uploads\/2026\/04\/Cartao-digital-para-link-na-bio-do-instagram-social-media-minimalista-160-x-160-px-1080-x-400-px-e1777419504894-18x3.png 18w, https:\/\/elitebeautyschool.online\/wp-content\/uploads\/2026\/04\/Cartao-digital-para-link-na-bio-do-instagram-social-media-minimalista-160-x-160-px-1080-x-400-px-e1777419504894.png 1080w\" sizes=\"(max-width: 1024px) 100vw, 1024px\" \/>\t\t\t\t\t\t\t\t<\/a>\n\t\t\t\t\t\t\t\t\t\t\t\t\t\t\t<\/div>\n\t\t\t\t<div class=\"elementor-element elementor-element-bd84c72 elementor-widget elementor-widget-image\" data-id=\"bd84c72\" data-element_type=\"widget\" data-e-type=\"widget\" data-settings=\"{&quot;_animation_mobile&quot;:&quot;pulse&quot;}\" data-widget_type=\"image.default\">\n\t\t\t\t\t\t\t\t\t\t\t\t\t\t\t\t<a href=\"https:\/\/elitebeautyschool.online\/en\/english\/\">\n\t\t\t\t\t\t\t<img decoding=\"async\" width=\"1024\" height=\"145\" src=\"https:\/\/elitebeautyschool.online\/wp-content\/uploads\/2026\/04\/Cartao-digital-para-link-na-bio-do-instagram-social-media-minimalista-160-x-160-px-1080-x-400-px-1-e1777419637289-1024x145.png\" class=\"elementor-animation-pulse attachment-large size-large wp-image-6326\" alt=\"\" srcset=\"https:\/\/elitebeautyschool.online\/wp-content\/uploads\/2026\/04\/Cartao-digital-para-link-na-bio-do-instagram-social-media-minimalista-160-x-160-px-1080-x-400-px-1-e1777419637289-1024x145.png 1024w, https:\/\/elitebeautyschool.online\/wp-content\/uploads\/2026\/04\/Cartao-digital-para-link-na-bio-do-instagram-social-media-minimalista-160-x-160-px-1080-x-400-px-1-e1777419637289-300x43.png 300w, https:\/\/elitebeautyschool.online\/wp-content\/uploads\/2026\/04\/Cartao-digital-para-link-na-bio-do-instagram-social-media-minimalista-160-x-160-px-1080-x-400-px-1-e1777419637289-768x109.png 768w, https:\/\/elitebeautyschool.online\/wp-content\/uploads\/2026\/04\/Cartao-digital-para-link-na-bio-do-instagram-social-media-minimalista-160-x-160-px-1080-x-400-px-1-e1777419637289-18x3.png 18w, https:\/\/elitebeautyschool.online\/wp-content\/uploads\/2026\/04\/Cartao-digital-para-link-na-bio-do-instagram-social-media-minimalista-160-x-160-px-1080-x-400-px-1-e1777419637289.png 1080w\" sizes=\"(max-width: 1024px) 100vw, 1024px\" \/>\t\t\t\t\t\t\t\t<\/a>\n\t\t\t\t\t\t\t\t\t\t\t\t\t\t\t<\/div>\n\t\t\t\t<div class=\"elementor-element elementor-element-b95955a elementor-widget elementor-widget-image\" data-id=\"b95955a\" data-element_type=\"widget\" data-e-type=\"widget\" data-settings=\"{&quot;_animation_mobile&quot;:&quot;pulse&quot;}\" data-widget_type=\"image.default\">\n\t\t\t\t\t\t\t\t\t\t\t\t\t\t\t\t<a href=\"https:\/\/elitebeautyschool.online\/en\/russo\/\">\n\t\t\t\t\t\t\t<img loading=\"lazy\" decoding=\"async\" width=\"1024\" height=\"149\" src=\"https:\/\/elitebeautyschool.online\/wp-content\/uploads\/2026\/04\/Cartao-digital-para-link-na-bio-do-instagram-social-media-minimalista-160-x-160-px-1080-x-400-px-2-e1777419790991-1024x149.png\" class=\"elementor-animation-pulse attachment-large size-large wp-image-6328\" alt=\"\" srcset=\"https:\/\/elitebeautyschool.online\/wp-content\/uploads\/2026\/04\/Cartao-digital-para-link-na-bio-do-instagram-social-media-minimalista-160-x-160-px-1080-x-400-px-2-e1777419790991-1024x149.png 1024w, https:\/\/elitebeautyschool.online\/wp-content\/uploads\/2026\/04\/Cartao-digital-para-link-na-bio-do-instagram-social-media-minimalista-160-x-160-px-1080-x-400-px-2-e1777419790991-300x44.png 300w, https:\/\/elitebeautyschool.online\/wp-content\/uploads\/2026\/04\/Cartao-digital-para-link-na-bio-do-instagram-social-media-minimalista-160-x-160-px-1080-x-400-px-2-e1777419790991-768x112.png 768w, https:\/\/elitebeautyschool.online\/wp-content\/uploads\/2026\/04\/Cartao-digital-para-link-na-bio-do-instagram-social-media-minimalista-160-x-160-px-1080-x-400-px-2-e1777419790991-18x3.png 18w, https:\/\/elitebeautyschool.online\/wp-content\/uploads\/2026\/04\/Cartao-digital-para-link-na-bio-do-instagram-social-media-minimalista-160-x-160-px-1080-x-400-px-2-e1777419790991.png 1080w\" sizes=\"(max-width: 1024px) 100vw, 1024px\" \/>\t\t\t\t\t\t\t\t<\/a>\n\t\t\t\t\t\t\t\t\t\t\t\t\t\t\t<\/div>\n\t\t\t\t<div class=\"elementor-element elementor-element-9e35ecf elementor-widget elementor-widget-image\" data-id=\"9e35ecf\" data-element_type=\"widget\" data-e-type=\"widget\" data-settings=\"{&quot;_animation_mobile&quot;:&quot;pulse&quot;}\" data-widget_type=\"image.default\">\n\t\t\t\t\t\t\t\t\t\t\t\t\t\t\t\t<a href=\"https:\/\/wa.me\/message\/2KW6NIYDW3DHI1\">\n\t\t\t\t\t\t\t<img loading=\"lazy\" decoding=\"async\" width=\"1024\" height=\"138\" src=\"https:\/\/elitebeautyschool.online\/wp-content\/uploads\/2026\/04\/Cartao-digital-para-link-na-bio-do-instagram-social-media-minimalista-160-x-160-px-1080-x-400-px-3-e1777419911597-1024x138.png\" class=\"elementor-animation-pulse attachment-large size-large wp-image-6329\" alt=\"\" srcset=\"https:\/\/elitebeautyschool.online\/wp-content\/uploads\/2026\/04\/Cartao-digital-para-link-na-bio-do-instagram-social-media-minimalista-160-x-160-px-1080-x-400-px-3-e1777419911597-1024x138.png 1024w, https:\/\/elitebeautyschool.online\/wp-content\/uploads\/2026\/04\/Cartao-digital-para-link-na-bio-do-instagram-social-media-minimalista-160-x-160-px-1080-x-400-px-3-e1777419911597-300x41.png 300w, https:\/\/elitebeautyschool.online\/wp-content\/uploads\/2026\/04\/Cartao-digital-para-link-na-bio-do-instagram-social-media-minimalista-160-x-160-px-1080-x-400-px-3-e1777419911597-768x104.png 768w, https:\/\/elitebeautyschool.online\/wp-content\/uploads\/2026\/04\/Cartao-digital-para-link-na-bio-do-instagram-social-media-minimalista-160-x-160-px-1080-x-400-px-3-e1777419911597-18x2.png 18w, https:\/\/elitebeautyschool.online\/wp-content\/uploads\/2026\/04\/Cartao-digital-para-link-na-bio-do-instagram-social-media-minimalista-160-x-160-px-1080-x-400-px-3-e1777419911597.png 1080w\" sizes=\"(max-width: 1024px) 100vw, 1024px\" \/>\t\t\t\t\t\t\t\t<\/a>\n\t\t\t\t\t\t\t\t\t\t\t\t\t\t\t<\/div>\n\t\t\t\t<div class=\"elementor-element elementor-element-34ef745 elementor-view-default elementor-widget elementor-widget-icon\" data-id=\"34ef745\" data-element_type=\"widget\" data-e-type=\"widget\" data-widget_type=\"icon.default\">\n\t\t\t\t\t\t\t<div class=\"elementor-icon-wrapper\">\n\t\t\t<div class=\"elementor-icon\">\n\t\t\t<svg aria-hidden=\"true\" class=\"e-font-icon-svg e-fas-long-arrow-alt-down\" viewbox=\"0 0 256 512\" xmlns=\"http:\/\/www.w3.org\/2000\/svg\"><path d=\"M168 345.941V44c0-6.627-5.373-12-12-12h-56c-6.627 0-12 5.373-12 12v301.941H41.941c-21.382 0-32.09 25.851-16.971 40.971l86.059 86.059c9.373 9.373 24.569 9.373 33.941 0l86.059-86.059c15.119-15.119 4.411-40.971-16.971-40.971H168z\"><\/path><\/svg>\t\t\t<\/div>\n\t\t<\/div>\n\t\t\t\t\t\t<\/div>\n\t\t\t\t<div class=\"elementor-element elementor-element-7a9eb4b elementor-widget elementor-widget-text-editor\" data-id=\"7a9eb4b\" data-element_type=\"widget\" data-e-type=\"widget\" data-widget_type=\"text-editor.default\">\n\t\t\t\t\t\t\t\t\t<div style=\"max-width: 900px; margin: 30px auto; padding: 32px; background: linear-gradient(135deg,#fff7f9,#ffffff); border-radius: 24px; font-family: Arial, sans-serif; border: 2px solid #f4c7d4; box-shadow: 0 12px 30px rgba(207,75,113,0.18); color: #333;\"><h1 style=\"text-align: center; color: #cf4b71; font-size: 30px; margin-bottom: 10px;\">\u00a0Bienvenida a Elite Beauty School<\/h1><p style=\"text-align: center; font-size: 18px; line-height: 1.7; margin-bottom: 26px;\">Una formaci\u00f3n dise\u00f1ada para transformar tu vida profesional en la est\u00e9tica. Aprende desde cero o perfecciona tus t\u00e9cnicas con un m\u00e9todo pr\u00e1ctico, moderno y accesible a nivel internacional.<\/p><div style=\"display: grid; gap: 16px;\"><div style=\"background: #ffffff; padding: 22px; border-radius: 18px; border-left: 6px solid #cf4b71;\"><h2 style=\"color: #cf4b71; margin: 0 0 10px; font-size: 20px;\">\ud83c\uddea\ud83c\uddf8 Formaci\u00f3n Completa en Espa\u00f1ol<\/h2><p style=\"margin: 0; line-height: 1.7; font-size: 16px;\">Estudia a tu propio ritmo, desde cualquier lugar del mundo. Accede a clases claras y pr\u00e1cticas, aprende t\u00e9cnicas actuales de alta demanda y recibe un certificado profesional para empezar a generar ingresos con seguridad.<\/p><\/div><div style=\"background: #ffffff; padding: 22px; border-radius: 18px; border-left: 6px solid #cf4b71;\"><h2 style=\"color: #cf4b71; margin: 0 0 10px; font-size: 20px;\">\ud83c\uddfa\ud83c\uddf8 Complete Training in English<\/h2><p style=\"margin: 0; line-height: 1.7; font-size: 16px;\">Learn at your own pace from anywhere in the world. Get access to step-by-step lessons, master modern beauty techniques, and receive a professional certificate to confidently start or grow your business.<\/p><\/div><div style=\"background: #ffffff; padding: 22px; border-radius: 18px; border-left: 6px solid #cf4b71;\"><h2 style=\"color: #cf4b71; margin: 0 0 10px; font-size: 20px;\">\ud83c\uddf7\ud83c\uddfa \u041f\u0440\u043e\u0444\u0435\u0441\u0441\u0438\u043e\u043d\u0430\u043b\u044c\u043d\u043e\u0435 \u043e\u0431\u0443\u0447\u0435\u043d\u0438\u0435 \u043d\u0430 \u0440\u0443\u0441\u0441\u043a\u043e\u043c<\/h2><p style=\"margin: 0; line-height: 1.7; font-size: 16px;\">\u041e\u0431\u0443\u0447\u0430\u0439\u0442\u0435\u0441\u044c \u0432 \u0443\u0434\u043e\u0431\u043d\u043e\u0435 \u0432\u0440\u0435\u043c\u044f \u0438 \u0438\u0437 \u043b\u044e\u0431\u043e\u0439 \u0442\u043e\u0447\u043a\u0438 \u043c\u0438\u0440\u0430. \u041e\u0441\u0432\u043e\u0439\u0442\u0435 \u0432\u043e\u0441\u0442\u0440\u0435\u0431\u043e\u0432\u0430\u043d\u043d\u044b\u0435 \u0442\u0435\u0445\u043d\u0438\u043a\u0438, \u043f\u043e\u043b\u0443\u0447\u0438\u0442\u0435 \u043f\u0440\u0430\u043a\u0442\u0438\u0447\u0435\u0441\u043a\u0438\u0435 \u0437\u043d\u0430\u043d\u0438\u044f \u0438 \u043f\u0440\u043e\u0444\u0435\u0441\u0441\u0438\u043e\u043d\u0430\u043b\u044c\u043d\u044b\u0439 \u0441\u0435\u0440\u0442\u0438\u0444\u0438\u043a\u0430\u0442, \u0447\u0442\u043e\u0431\u044b \u043d\u0430\u0447\u0430\u0442\u044c \u0437\u0430\u0440\u0430\u0431\u0430\u0442\u044b\u0432\u0430\u0442\u044c \u0432 \u0441\u0444\u0435\u0440\u0435 \u043a\u0440\u0430\u0441\u043e\u0442\u044b.<\/p><\/div><\/div><div style=\"margin-top: 28px; background: #cf4b71; color: #fff; padding: 18px; border-radius: 18px; text-align: center; font-weight: bold; font-size: 17px;\">\u2728 Acceso inmediato \u2022 Estudia a tu ritmo \u2022 Certificaci\u00f3n profesional incluida \u2022 100% online<\/div><\/div>\t\t\t\t\t\t\t\t<\/div>\n\t\t\t\t\t<\/div>\n\t\t\t\t<\/div>\n\t\t<div class=\"elementor-element elementor-element-847919e e-flex e-con-boxed e-con e-parent\" data-id=\"847919e\" data-element_type=\"container\" data-e-type=\"container\" data-settings=\"{&quot;background_background&quot;:&quot;classic&quot;}\">\n\t\t\t\t\t<div class=\"e-con-inner\">\n\t\t\t\t<div class=\"elementor-element elementor-element-8424f24 elementor-widget elementor-widget-text-editor\" data-id=\"8424f24\" data-element_type=\"widget\" data-e-type=\"widget\" data-widget_type=\"text-editor.default\">\n\t\t\t\t\t\t\t\t\t<h2><strong>STUDENT\/ALUMNAS<\/strong><\/h2>\t\t\t\t\t\t\t\t<\/div>\n\t\t\t\t<div class=\"elementor-element elementor-element-5c18f1a elementor-arrows-position-inside elementor-pagination-position-outside elementor-widget elementor-widget-image-carousel\" data-id=\"5c18f1a\" data-element_type=\"widget\" data-e-type=\"widget\" data-settings=\"{&quot;autoplay_speed&quot;:500,&quot;navigation&quot;:&quot;both&quot;,&quot;autoplay&quot;:&quot;yes&quot;,&quot;infinite&quot;:&quot;yes&quot;,&quot;speed&quot;:500}\" data-widget_type=\"image-carousel.default\">\n\t\t\t\t\t\t\t<div class=\"elementor-image-carousel-wrapper swiper\" role=\"region\" aria-roledescription=\"carousel\" aria-label=\"Carrossel of pictures\" dir=\"ltr\">\n\t\t\t<div class=\"elementor-image-carousel swiper-wrapper\" aria-live=\"off\">\n\t\t\t\t\t\t\t\t<div class=\"swiper-slide\" role=\"group\" aria-roledescription=\"slide\" aria-label=\"1 de 5\"><figure class=\"swiper-slide-inner\"><img decoding=\"async\" class=\"swiper-slide-image\" src=\"https:\/\/elitebeautyschool.online\/wp-content\/uploads\/2026\/02\/WhatsApp-Image-2026-02-18-at-15.58.35-2-768x953.jpeg\" alt=\"WhatsApp Image 2026-02-18 at 15.58.35 (2)\" \/><\/figure><\/div><div class=\"swiper-slide\" role=\"group\" aria-roledescription=\"slide\" aria-label=\"2 de 5\"><figure class=\"swiper-slide-inner\"><img decoding=\"async\" class=\"swiper-slide-image\" src=\"https:\/\/elitebeautyschool.online\/wp-content\/uploads\/2026\/02\/WhatsApp-Image-2026-02-18-at-15.58.35-1-768x901.jpeg\" alt=\"WhatsApp Image 2026-02-18 at 15.58.35 (1)\" \/><\/figure><\/div><div class=\"swiper-slide\" role=\"group\" aria-roledescription=\"slide\" aria-label=\"3 de 5\"><figure class=\"swiper-slide-inner\"><img decoding=\"async\" class=\"swiper-slide-image\" src=\"https:\/\/elitebeautyschool.online\/wp-content\/uploads\/2026\/02\/WhatsApp-Image-2026-02-18-at-15.58.35-768x509.jpeg\" alt=\"WhatsApp Image 2026-02-18 at 15.58.35\" \/><\/figure><\/div><div class=\"swiper-slide\" role=\"group\" aria-roledescription=\"slide\" aria-label=\"4 de 5\"><figure class=\"swiper-slide-inner\"><img decoding=\"async\" class=\"swiper-slide-image\" src=\"https:\/\/elitebeautyschool.online\/wp-content\/uploads\/2026\/02\/WhatsApp-Image-2026-02-18-at-15.58.34-768x738.jpeg\" alt=\"WhatsApp Image 2026-02-18 at 15.58.34\" \/><\/figure><\/div><div class=\"swiper-slide\" role=\"group\" aria-roledescription=\"slide\" aria-label=\"5 de 5\"><figure class=\"swiper-slide-inner\"><img decoding=\"async\" class=\"swiper-slide-image\" src=\"https:\/\/elitebeautyschool.online\/wp-content\/uploads\/2026\/02\/WhatsApp-Image-2026-02-18-at-16.03.09-768x435.jpeg\" alt=\"WhatsApp Image 2026-02-18 at 16.03.09\" \/><\/figure><\/div>\t\t\t<\/div>\n\t\t\t\t\t\t\t\t\t\t\t\t<div class=\"elementor-swiper-button elementor-swiper-button-prev\" role=\"button\" tabindex=\"0\">\n\t\t\t\t\t\t<svg aria-hidden=\"true\" class=\"e-font-icon-svg e-eicon-chevron-left\" viewbox=\"0 0 1000 1000\" xmlns=\"http:\/\/www.w3.org\/2000\/svg\"><path d=\"M646 125C629 125 613 133 604 142L308 442C296 454 292 471 292 487 292 504 296 521 308 533L604 854C617 867 629 875 646 875 663 875 679 871 692 858 704 846 713 829 713 812 713 796 708 779 692 767L438 487 692 225C700 217 708 204 708 187 708 171 704 154 692 142 675 129 663 125 646 125Z\"><\/path><\/svg>\t\t\t\t\t<\/div>\n\t\t\t\t\t<div class=\"elementor-swiper-button elementor-swiper-button-next\" role=\"button\" tabindex=\"0\">\n\t\t\t\t\t\t<svg aria-hidden=\"true\" class=\"e-font-icon-svg e-eicon-chevron-right\" viewbox=\"0 0 1000 1000\" xmlns=\"http:\/\/www.w3.org\/2000\/svg\"><path d=\"M696 533C708 521 713 504 713 487 713 471 708 454 696 446L400 146C388 133 375 125 354 125 338 125 325 129 313 142 300 154 292 171 292 187 292 204 296 221 308 233L563 492 304 771C292 783 288 800 288 817 288 833 296 850 308 863 321 871 338 875 354 875 371 875 388 867 400 854L696 533Z\"><\/path><\/svg>\t\t\t\t\t<\/div>\n\t\t\t\t\n\t\t\t\t\t\t\t\t\t<div class=\"swiper-pagination\"><\/div>\n\t\t\t\t\t\t\t\t\t<\/div>\n\t\t\t\t\t\t<\/div>\n\t\t\t\t\t<\/div>\n\t\t\t\t<\/div>\n\t\t\t\t<\/div>","protected":false},"excerpt":{"rendered":"<p>\u00a0Bienvenida a Elite Beauty School Una formaci\u00f3n dise\u00f1ada para transformar tu vida profesional en la est\u00e9tica. Aprende desde cero o perfecciona tus t\u00e9cnicas con un m\u00e9todo pr\u00e1ctico, moderno y accesible a nivel internacional. \ud83c\uddea\ud83c\uddf8 Formaci\u00f3n Completa en Espa\u00f1ol Estudia a tu propio ritmo, desde cualquier lugar del mundo. Accede a clases claras y pr\u00e1cticas, aprende [&hellip;]<\/p>\n","protected":false},"author":1,"featured_media":0,"parent":0,"menu_order":0,"comment_status":"closed","ping_status":"closed","template":"elementor_canvas","meta":{"footnotes":""},"class_list":["post-3840","page","type-page","status-publish","hentry"],"_links":{"self":[{"href":"https:\/\/elitebeautyschool.online\/en\/wp-json\/wp\/v2\/pages\/3840","targetHints":{"allow":["GET"]}}],"collection":[{"href":"https:\/\/elitebeautyschool.online\/en\/wp-json\/wp\/v2\/pages"}],"about":[{"href":"https:\/\/elitebeautyschool.online\/en\/wp-json\/wp\/v2\/types\/page"}],"author":[{"embeddable":true,"href":"https:\/\/elitebeautyschool.online\/en\/wp-json\/wp\/v2\/users\/1"}],"replies":[{"embeddable":true,"href":"https:\/\/elitebeautyschool.online\/en\/wp-json\/wp\/v2\/comments?post=3840"}],"version-history":[{"count":57,"href":"https:\/\/elitebeautyschool.online\/en\/wp-json\/wp\/v2\/pages\/3840\/revisions"}],"predecessor-version":[{"id":6358,"href":"https:\/\/elitebeautyschool.online\/en\/wp-json\/wp\/v2\/pages\/3840\/revisions\/6358"}],"wp:attachment":[{"href":"https:\/\/elitebeautyschool.online\/en\/wp-json\/wp\/v2\/media?parent=3840"}],"curies":[{"name":"wp","href":"https:\/\/api.w.org\/{rel}","templated":true}]}}